{"id":2913,"date":"2016-04-09T10:35:56","date_gmt":"2016-04-09T10:35:56","guid":{"rendered":"https:\/\/brando.themezaa.com\/photography\/?page_id=2913"},"modified":"2024-12-13T17:24:26","modified_gmt":"2024-12-13T16:24:26","slug":"photography","status":"publish","type":"page","link":"https:\/\/rhenic.de\/","title":{"rendered":"Rhenic Startsteite"},"content":{"rendered":"<section  id=\"home\" class=\"brando_row_1651840511-2-66 no-padding bg-image-srcset fix-background lazyload\" style=\"background:inherit;\" data-bg-srcset=\"https:\/\/rhenic.de\/wp-content\/uploads\/2024\/12\/WhatsApp-Image-2024-12-13-at-16.38.41.jpeg 1600w, https:\/\/rhenic.de\/wp-content\/uploads\/2024\/12\/WhatsApp-Image-2024-12-13-at-16.38.41-300x138.jpeg 300w, https:\/\/rhenic.de\/wp-content\/uploads\/2024\/12\/WhatsApp-Image-2024-12-13-at-16.38.41-1024x472.jpeg 1024w, https:\/\/rhenic.de\/wp-content\/uploads\/2024\/12\/WhatsApp-Image-2024-12-13-at-16.38.41-768x354.jpeg 768w, https:\/\/rhenic.de\/wp-content\/uploads\/2024\/12\/WhatsApp-Image-2024-12-13-at-16.38.41-1536x708.jpeg 1536w, https:\/\/rhenic.de\/wp-content\/uploads\/2024\/12\/WhatsApp-Image-2024-12-13-at-16.38.41-420x194.jpeg 420w, https:\/\/rhenic.de\/wp-content\/uploads\/2024\/12\/WhatsApp-Image-2024-12-13-at-16.38.41-1200x554.jpeg 1200w\" data-bg=\"url(https:\/\/rhenic.de\/wp-content\/uploads\/2024\/12\/WhatsApp-Image-2024-12-13-at-16.38.41.jpeg) no-repeat\"><div class=\"container\"><div class=\"row\"><div class=\"wpb_column brando-column-container brando_column_1651911640-2-81 vc_col-sm-12 vc_col-xs-12\" data-front-class=\"brando-column-container brando_column_1651911640-2-81\"><div class=\"vc-column-innner-wrapper\"><div class=\"wpd-innner-wrapper\"><div class=\"full-screen\"><div class=\"slider-typography text-center\"><div class=\"slider-text-middle-main\"><div class=\"slider-text-middle slider-typography-option4\"><span class=\"transparent-blue-text alt-font font-weight-600 text-uppercase sm-title-big3 xs-title-extra-large-3 brando-font-setting-69fb16138c554\" style=\"color:#ffffff !important\">Willkommen bei Rhenic GmbH<\/span><\/div><\/div><\/div><\/div><div class=\"scroll-down\"><\/div><div class=\"brando_text_1651912445-2-57\"><p class=\"alt-font text-uppercase letter-spacing-4 white-text margin-15px-bottom\" style=\"text-align: center;\">WIR BEWEGEN DIE REGION<br \/>\nRhenic \u2013 abgeleitet aus Rhenum Nicer (Rhein und Neckar) ist ein Bekenntnis zu unserer Heimat: die Metropolregion Rhein-Neckar, einer der wirtschaftsst\u00e4rksten Ballungsr\u00e4ume Europas.<br \/>\nUnsere Motivation ist die Vielseitigkeit der Aufgaben, so vielf\u00e4ltig wie unsere Heimatregion.<\/p>\n<\/div>[vc_separator style=\"shadow\"]<\/div><\/div><\/div><\/div><\/div><\/section><section  id=\"logistik\" class=\"brando_row_1651840540-2-42 no-padding bg-image-srcset fix-background lazyload\" style=\"background:inherit;\" data-bg-srcset=\"https:\/\/rhenic.de\/wp-content\/uploads\/2024\/12\/453b2789-60a1-47d6-8012-1647c010690d.jpeg 1600w, https:\/\/rhenic.de\/wp-content\/uploads\/2024\/12\/453b2789-60a1-47d6-8012-1647c010690d-300x169.jpeg 300w, https:\/\/rhenic.de\/wp-content\/uploads\/2024\/12\/453b2789-60a1-47d6-8012-1647c010690d-1024x576.jpeg 1024w, https:\/\/rhenic.de\/wp-content\/uploads\/2024\/12\/453b2789-60a1-47d6-8012-1647c010690d-768x432.jpeg 768w, https:\/\/rhenic.de\/wp-content\/uploads\/2024\/12\/453b2789-60a1-47d6-8012-1647c010690d-1536x864.jpeg 1536w, https:\/\/rhenic.de\/wp-content\/uploads\/2024\/12\/453b2789-60a1-47d6-8012-1647c010690d-420x236.jpeg 420w, https:\/\/rhenic.de\/wp-content\/uploads\/2024\/12\/453b2789-60a1-47d6-8012-1647c010690d-1200x675.jpeg 1200w\" data-bg=\"url(https:\/\/rhenic.de\/wp-content\/uploads\/2024\/12\/453b2789-60a1-47d6-8012-1647c010690d.jpeg) no-repeat\"><div class=\"container\"><div class=\"row\"><div class=\"wpb_column brando-column-container  vc_col-sm-12 vc_col-xs-12\" data-front-class=\"brando-column-container \"><div class=\"vc-column-innner-wrapper\"><div class=\"wpd-innner-wrapper\"><div class=\"full-screen\"><div class=\"slider-typography text-center\"><div class=\"slider-text-middle-main\"><div class=\"slider-text-middle slider-typography-option4\"><span class=\"transparent-blue-text alt-font font-weight-600 text-uppercase sm-title-big3 xs-title-extra-large-3\" style=\"color:#72b62b !important\">Logistik<\/span><\/div><\/div><\/div><\/div><div class=\"scroll-down\"><\/div><div class=\"brando_text_1651912445-2-57\"><p class=\"alt-font text-uppercase letter-spacing-4 white-text margin-15px-bottom\" style=\"text-align: center;\">PLANUNG, KOORDINATION &amp; STEUERUNG<br \/>\nG\u00fcterverkehr: Ein Beispiel ist die Koordination der T\u00e4tigkeiten im Lager mit der Abholzeit durch den Spediteur bis hin zum Wunschlieferdatum des Kunden.<br \/>\nPersonenverkehr: Hier ist es wichtig, sowohl Fahrer als auch passende Fahrzeuge mit den richtigen Anforderungen (z.B. Kapazit\u00e4t oder Barrierefreiheit) zur richtigen Zeit zu disponieren.<\/p>\n<\/div>[vc_separator color=\"green\" style=\"shadow\"]<\/div><\/div><\/div><\/div><\/div><\/section><section  id=\"touristik\" class=\"brando_row_1651840555-2-61 no-padding bg-image-srcset fill lazyload\" style=\"background:inherit;\" data-bg-srcset=\"https:\/\/rhenic.de\/wp-content\/uploads\/2024\/12\/6d346325-caf2-439b-9a28-0d629c205bc0-1.jpeg 2000w, https:\/\/rhenic.de\/wp-content\/uploads\/2024\/12\/6d346325-caf2-439b-9a28-0d629c205bc0-1-300x225.jpeg 300w, https:\/\/rhenic.de\/wp-content\/uploads\/2024\/12\/6d346325-caf2-439b-9a28-0d629c205bc0-1-1024x768.jpeg 1024w, https:\/\/rhenic.de\/wp-content\/uploads\/2024\/12\/6d346325-caf2-439b-9a28-0d629c205bc0-1-768x576.jpeg 768w, https:\/\/rhenic.de\/wp-content\/uploads\/2024\/12\/6d346325-caf2-439b-9a28-0d629c205bc0-1-1536x1152.jpeg 1536w, https:\/\/rhenic.de\/wp-content\/uploads\/2024\/12\/6d346325-caf2-439b-9a28-0d629c205bc0-1-420x315.jpeg 420w, https:\/\/rhenic.de\/wp-content\/uploads\/2024\/12\/6d346325-caf2-439b-9a28-0d629c205bc0-1-933x700.jpeg 933w\" data-bg=\"url(https:\/\/rhenic.de\/wp-content\/uploads\/2024\/12\/6d346325-caf2-439b-9a28-0d629c205bc0-1.jpeg) no-repeat\"><div class=\"container\"><div class=\"row\"><div class=\"wpb_column brando-column-container  vc_col-sm-12 vc_col-xs-12\" data-front-class=\"brando-column-container \"><div class=\"vc-column-innner-wrapper\"><div class=\"wpd-innner-wrapper\"><div class=\"position-relative full-screen\"><div class=\"slider-typography text-center\"><div class=\"slider-text-middle-main\"><div class=\"slider-text-middle slider-typography-option4\"><span class=\"transparent-blue-text alt-font font-weight-600 text-uppercase sm-title-big3 xs-title-extra-large-3\" style=\"color:#ffffff !important\">Touristik<\/span><\/div><\/div><\/div><\/div><div class=\"scroll-down\"><\/div><div class=\"brando_text_1651912445-2-57\"><p class=\"alt-font text-uppercase letter-spacing-4 white-text margin-15px-bottom\" style=\"text-align: center;\">Unser Schwerpunkt liegt hier im Bereich auf dem \u00d6PNV \u2013 wir sorgen f\u00fcr\u00a0 Bewegung.<br \/>\nOb geplanter Linienverkehr oder Schienenersatz-\/Notverkehr \u2013 mit unseren Omnibussen halten wir Sie stets mobil.<br \/>\nHierbei legen wir viel Wert auf den \u00f6kologischen Aspekt \u2013 unser Flotte f\u00e4hrt CO2-neutral dank Kompensation \u00fcber Klimaschutzprojekte von \u201emyclimate\u201c.<\/p>\n<\/div>[vc_separator style=\"shadow\"]<\/div><\/div><\/div><\/div><\/div><\/section><section  id=\"transport\" class=\"brando_row_1651840577-2-39 no-padding bg-image-srcset fix-background lazyload\" style=\"background:inherit;\" data-bg-srcset=\"https:\/\/rhenic.de\/wp-content\/uploads\/2024\/12\/WhatsApp-Image-2024-12-13-at-17.16.43.jpeg 2048w, https:\/\/rhenic.de\/wp-content\/uploads\/2024\/12\/WhatsApp-Image-2024-12-13-at-17.16.43-300x300.jpeg 300w, https:\/\/rhenic.de\/wp-content\/uploads\/2024\/12\/WhatsApp-Image-2024-12-13-at-17.16.43-1024x1024.jpeg 1024w, https:\/\/rhenic.de\/wp-content\/uploads\/2024\/12\/WhatsApp-Image-2024-12-13-at-17.16.43-150x150.jpeg 150w, https:\/\/rhenic.de\/wp-content\/uploads\/2024\/12\/WhatsApp-Image-2024-12-13-at-17.16.43-768x768.jpeg 768w, https:\/\/rhenic.de\/wp-content\/uploads\/2024\/12\/WhatsApp-Image-2024-12-13-at-17.16.43-1536x1536.jpeg 1536w, https:\/\/rhenic.de\/wp-content\/uploads\/2024\/12\/WhatsApp-Image-2024-12-13-at-17.16.43-420x420.jpeg 420w, https:\/\/rhenic.de\/wp-content\/uploads\/2024\/12\/WhatsApp-Image-2024-12-13-at-17.16.43-700x700.jpeg 700w\" data-bg=\"url(https:\/\/rhenic.de\/wp-content\/uploads\/2024\/12\/WhatsApp-Image-2024-12-13-at-17.16.43.jpeg) no-repeat\"><div class=\"container\"><div class=\"row\"><div class=\"wpb_column brando-column-container  vc_col-sm-12 vc_col-xs-12\" data-front-class=\"brando-column-container \"><div class=\"vc-column-innner-wrapper\"><div class=\"wpd-innner-wrapper\"><div class=\"position-relative full-screen\"><div class=\"slider-typography text-center\"><div class=\"slider-text-middle-main\"><div class=\"slider-text-middle slider-typography-option4\"><span class=\"transparent-blue-text alt-font font-weight-600 text-uppercase sm-title-big3 xs-title-extra-large-3\" style=\"color:#72b62b !important\">Transport<\/span><\/div><\/div><\/div><\/div><div class=\"scroll-down\"><\/div><div class=\"brando_text_1651912445-2-57\"><p class=\"alt-font text-uppercase letter-spacing-4 white-text margin-15px-bottom\" style=\"text-align: center;\">Wir \u00fcbernehmen Kurierfahrten einzelner Sendungen im gesamten Bundesgebiet,<br \/>\nsorgen f\u00fcr die Zustellung vieler Pakete in kurzer Zeit im Bereich On-Time Lieferungen und<br \/>\nfokussieren uns beim Schwerlast- und G\u00fcterverkehr rein auf Anforderungen innerhalb der Firmengruppe.<\/p>\n<\/div>[vc_separator color=\"green\" style=\"shadow\"]<\/div><\/div><\/div><\/div><\/div><\/section><section  id=\"fragen\" class=\"photography-awards background-position-left brando_row_1651842210-2-78 bg-image-srcset fix-background lazyload\" style=\"background:inherit;\" data-bg-srcset=\"https:\/\/rhenic.de\/wp-content\/uploads\/2022\/05\/Rhenic-1.png 7559w, https:\/\/rhenic.de\/wp-content\/uploads\/2022\/05\/Rhenic-1-300x125.png 300w, https:\/\/rhenic.de\/wp-content\/uploads\/2022\/05\/Rhenic-1-1024x425.png 1024w, https:\/\/rhenic.de\/wp-content\/uploads\/2022\/05\/Rhenic-1-768x319.png 768w, https:\/\/rhenic.de\/wp-content\/uploads\/2022\/05\/Rhenic-1-1536x637.png 1536w, https:\/\/rhenic.de\/wp-content\/uploads\/2022\/05\/Rhenic-1-2048x850.png 2048w, https:\/\/rhenic.de\/wp-content\/uploads\/2022\/05\/Rhenic-1-420x174.png 420w, https:\/\/rhenic.de\/wp-content\/uploads\/2022\/05\/Rhenic-1-1200x498.png 1200w\" data-bg=\"url(https:\/\/rhenic.de\/wp-content\/uploads\/2022\/05\/Rhenic-1.png) no-repeat\"><div class=\"container\"><div class=\"row\"><div class=\"wpb_column brando-column-container  vc_col-sm-6 vc_col-md-6 col-xs-mobile-fullwidth text-left margin-seven-top xs-no-margin-top\" data-front-class=\"brando-column-container  col-xs-mobile-fullwidth text-left margin-seven-top xs-no-margin-top\"><div class=\"vc-column-innner-wrapper\"><div class=\"wpd-innner-wrapper\"><h1 class=\"brando-remove-frontend-editor-top alt-font  heading-style10 no-margin brando_heading_1513082216-2-39\" style=\"color:#72b62b !important; font-weight:600;\">Info?<\/h1><\/div><\/div><\/div><div class=\"wpb_column brando-column-container  vc_col-sm-6 vc_col-md-6 vc_col-xs-12 margin-seven-top xs-margin-eighteen-top\" data-front-class=\"brando-column-container  margin-seven-top xs-margin-eighteen-top\"><div class=\"vc-column-innner-wrapper\"><div class=\"wpd-innner-wrapper\"><div  class=\" brando_testimonial_1651842467-2-77\"><span class=\"alt-font font-weight-600 title-medium text-uppercase photography-quotes xs-title-small display-inline-block width-50 sm-width-70 brando_testimonial_1651842467-2-89 quote-display-none\">Sie haben Interesse oder Fragen?<\/span><p class=\"text-medium width-60 margin-eight-tb sm-width-90\">Schreiben Sie uns an info@rhenic.de oder rufen Sie uns unverbindlich an unter 06234\/812 91 50. Wir freuen uns darauf, von Ihnen zu h\u00f6ren!<\/p>\n<a href=\"tel:062053791890\" target=\"_self\" class=\"arrow-link alt-font text-uppercase position-relative inner-link\">Jetzt kontaktieren<\/a><\/div><\/div><\/div><\/div><\/div><\/div><\/section><section id=\"contact\"><div class=\"container\"><div class=\"row\"><div class=\"wpb_column brando-column-container  vc_col-sm-12 vc_col-md-8 vc_col-xs-12 center-col text-center xs-no-padding-lr\" data-front-class=\"brando-column-container  center-col text-center xs-no-padding-lr\"><div class=\"vc-column-innner-wrapper\"><div class=\"wpd-innner-wrapper\"><div class=\" brando-inner-row-class\"><div class=\"wpb_column brando-column-container  vc_col-sm-4 vc_col-xs-12 xs-margin-eight-bottom\" data-front-class=\"brando-column-container  xs-margin-eight-bottom\"><div class=\"vc-column-innner-wrapper\"><div class=\"wpd-innner-wrapper\"><div class=\" text-center\"><i class=\"icon-map-pin icon-small medium-gray-text\"><\/i><p><span class=\"alt-font text-uppercase display-block margin-5px-top\">Rhenic GmbH<br \/>\nAn der Fohlenweide 4B<br \/>\n67112 Mutterstadt<\/span><\/p>\n<\/div><\/div><\/div><\/div><div class=\"wpb_column brando-column-container  vc_col-sm-4 vc_col-xs-12 xs-margin-eight-bottom\" data-front-class=\"brando-column-container  xs-margin-eight-bottom\"><div class=\"vc-column-innner-wrapper\"><div class=\"wpd-innner-wrapper\"><div class=\" text-center\"><i class=\"icon-clipboard icon-small medium-gray-text\"><\/i><p><span class=\"alt-font text-uppercase display-block margin-5px-top\">Anfragen<br \/>\n<a href=\"mailto:info@rhenic.de\">info@rhenic.de<\/a><br \/>\n<\/span><\/p>\n<\/div><\/div><\/div><\/div><div class=\"wpb_column brando-column-container  vc_col-sm-4 vc_col-xs-12\" data-front-class=\"brando-column-container \"><div class=\"vc-column-innner-wrapper\"><div class=\"wpd-innner-wrapper\"><div class=\" text-center\"><i class=\"icon-phone icon-small medium-gray-text\"><\/i><p><span class=\"alt-font text-uppercase display-block margin-5px-top\">Rufen Sie uns an<br \/>\n+49 (0) 6234\/812 91 50<\/span><\/p>\n<p><span class=\"alt-font text-uppercase display-block margin-5px-top\">Montag \u2013 Freitag<br \/>\n09:00 \u2013 16:00 Uhr<\/span><\/p>\n<p>Samstag \u2013 Sonntag<br \/>\ngeschlossen<\/p>\n<\/div><\/div><\/div><\/div><\/div><\/div><\/div><\/div><div class=\"wpb_column brando-column-container  vc_col-sm-12 vc_col-md-12 vc_col-xs-12 margin-seven-top xs-margin-ten-top\" data-front-class=\"brando-column-container  margin-seven-top xs-margin-ten-top\"><div class=\"vc-column-innner-wrapper\"><div class=\"wpd-innner-wrapper\"><div><\/div><\/div><\/div><\/div><div class=\"wpb_column brando-column-container  vc_col-sm-12 vc_col-md-10 vc_col-xs-12 clear-both center-col xs-no-padding-lr\" data-front-class=\"brando-column-container  clear-both center-col xs-no-padding-lr\"><div class=\"vc-column-innner-wrapper\"><div class=\"wpd-innner-wrapper\">\n<div class=\"wpcf7 no-js\" id=\"wpcf7-f3033-o1\" lang=\"en-US\" dir=\"ltr\" data-wpcf7-id=\"3033\">\n<div class=\"screen-reader-response\"><p role=\"status\" aria-live=\"polite\" aria-atomic=\"true\"><\/p> <ul><\/ul><\/div>\n<form action=\"\/index.php?rest_route=%2Fwp%2Fv2%2Fpages%2F2913#wpcf7-f3033-o1\" method=\"post\" class=\"wpcf7-form init\" aria-label=\"Contact form\" novalidate=\"novalidate\" data-status=\"init\">\n<div style=\"display: none;\">\n<input type=\"hidden\" name=\"_wpcf7\" value=\"3033\" \/>\n<input type=\"hidden\" name=\"_wpcf7_version\" value=\"6.0.5\" \/>\n<input type=\"hidden\" name=\"_wpcf7_locale\" value=\"en_US\" \/>\n<input type=\"hidden\" name=\"_wpcf7_unit_tag\" value=\"wpcf7-f3033-o1\" \/>\n<input type=\"hidden\" name=\"_wpcf7_container_post\" value=\"0\" \/>\n<input type=\"hidden\" name=\"_wpcf7_posted_data_hash\" value=\"\" \/>\n<\/div>\n<div class=\"col-md-6 col-sm-12 col-xs-12\">\n\t<p><span class=\"wpcf7-form-control-wrap\" data-name=\"your-name\"><input size=\"40\" maxlength=\"400\" class=\"wpcf7-form-control wpcf7-text wpcf7-validates-as-required medium-input alt-font\" aria-required=\"true\" aria-invalid=\"false\" placeholder=\"Name*\" value=\"\" type=\"text\" name=\"your-name\" \/><\/span><span class=\"wpcf7-form-control-wrap\" data-name=\"your-email\"><input size=\"40\" maxlength=\"400\" class=\"wpcf7-form-control wpcf7-email wpcf7-validates-as-required wpcf7-text wpcf7-validates-as-email medium-input alt-font\" aria-required=\"true\" aria-invalid=\"false\" placeholder=\"E-mail*\" value=\"\" type=\"email\" name=\"your-email\" \/><\/span><span class=\"wpcf7-form-control-wrap\" data-name=\"Telefon-Nr\"><input size=\"40\" maxlength=\"400\" class=\"wpcf7-form-control wpcf7-tel wpcf7-validates-as-required wpcf7-text wpcf7-validates-as-tel medium-input alt-font\" aria-required=\"true\" aria-invalid=\"false\" placeholder=\"Telefon-Nr.*\" value=\"\" type=\"tel\" name=\"Telefon-Nr\" \/><\/span>\n\t<\/p>\n<\/div>\n<div class=\"col-md-6 col-sm-12 col-xs-12\">\n\t<p><span class=\"wpcf7-form-control-wrap\" data-name=\"your-message\"><textarea cols=\"40\" rows=\"3\" maxlength=\"2000\" class=\"wpcf7-form-control wpcf7-textarea wpcf7-validates-as-required medium-input alt-font message-height\" aria-required=\"true\" aria-invalid=\"false\" placeholder=\"Nachricht*\" name=\"your-message\"><\/textarea><\/span><span class=\"wpcf7-form-control-wrap\" data-name=\"checkbox-314\"><span class=\"wpcf7-form-control wpcf7-checkbox wpcf7-validates-as-required\"><span class=\"wpcf7-list-item first last\"><label><input type=\"checkbox\" name=\"checkbox-314[]\" value=\"Ich stimme der Verarbeitung meiner pers\u00f6nlichen Daten zu. Die Daten werden erhoben und verwaltet, um die Durchf\u00fchrung der Liefer- und\/oder Dienstleistungsbeziehung auf der Grundlage mehrerer Rechtsverordnungen, einschlie\u00dflich Artikel 13 und 14 der Verordnung (EU) 2016\/679, zu erm\u00f6glichen. Bitte lesen Sie vor dem Absenden der Daten die Angaben zu DSGVO.\" \/><span class=\"wpcf7-list-item-label\">Ich stimme der Verarbeitung meiner pers\u00f6nlichen Daten zu. Die Daten werden erhoben und verwaltet, um die Durchf\u00fchrung der Liefer- und\/oder Dienstleistungsbeziehung auf der Grundlage mehrerer Rechtsverordnungen, einschlie\u00dflich Artikel 13 und 14 der Verordnung (EU) 2016\/679, zu erm\u00f6glichen. Bitte lesen Sie vor dem Absenden der Daten die Angaben zu DSGVO.<\/span><\/label><\/span><\/span><\/span>\n\t<\/p>\n<\/div>\n<div class=\"col-md-12 col-sm-12 col-xs-12\">\n\t<div class=\"col-md-6 col-sm-6 col-xs-12 no-padding-left\">\n\t\t<p><span class=\"required\">*Bitte f\u00fcllen Sie alle Felder korrekt aus<\/span>\n\t\t<\/p>\n\t<\/div>\n\t<div class=\"col-md-6 col-sm-6 col-xs-12 no-padding-right sm-text-right xs-no-padding-left xs-padding-eleven\">\n\t\t<p><input class=\"wpcf7-form-control wpcf7-submit has-spinner no-margin xs-f-left sm-pull-right highlight-button-black-background btn btn-small\" type=\"submit\" value=\"Nachricht senden\" \/>\n\t\t<\/p>\n\t<\/div>\n<\/div><div class=\"wpcf7-response-output\" aria-hidden=\"true\"><\/div>\n<\/form>\n<\/div>\n<\/div><\/div><\/div><\/div><\/div><\/section>","protected":false},"excerpt":{"rendered":"<p>Willkommen bei Rhenic GmbHWIR BEWEGEN DIE REGION Rhenic \u2013 abgeleitet aus Rhenum Nicer (Rhein und Neckar) ist ein Bekenntnis zu unserer Heimat: die Metropolregion Rhein-Neckar, einer der wirtschaftsst\u00e4rksten Ballungsr\u00e4ume Europas. Unsere Motivation ist die Vielseitigkeit der Aufgaben, so vielf\u00e4ltig wie unsere Heimatregion. [vc_separator style=&#8220;shadow&#8220;]LogistikPLANUNG, KOORDINATION &amp; STEUERUNG G\u00fcterverkehr: Ein Beispiel ist die Koordination der T\u00e4tigkeiten [&hellip;]<\/p>\n","protected":false},"author":1,"featured_media":0,"parent":0,"menu_order":0,"comment_status":"closed","ping_status":"closed","template":"","meta":{"footnotes":""},"class_list":["post-2913","page","type-page","status-publish","hentry"],"_links":{"self":[{"href":"https:\/\/rhenic.de\/index.php?rest_route=\/wp\/v2\/pages\/2913","targetHints":{"allow":["GET"]}}],"collection":[{"href":"https:\/\/rhenic.de\/index.php?rest_route=\/wp\/v2\/pages"}],"about":[{"href":"https:\/\/rhenic.de\/index.php?rest_route=\/wp\/v2\/types\/page"}],"author":[{"embeddable":true,"href":"https:\/\/rhenic.de\/index.php?rest_route=\/wp\/v2\/users\/1"}],"replies":[{"embeddable":true,"href":"https:\/\/rhenic.de\/index.php?rest_route=%2Fwp%2Fv2%2Fcomments&post=2913"}],"version-history":[{"count":135,"href":"https:\/\/rhenic.de\/index.php?rest_route=\/wp\/v2\/pages\/2913\/revisions"}],"predecessor-version":[{"id":7082,"href":"https:\/\/rhenic.de\/index.php?rest_route=\/wp\/v2\/pages\/2913\/revisions\/7082"}],"wp:attachment":[{"href":"https:\/\/rhenic.de\/index.php?rest_route=%2Fwp%2Fv2%2Fmedia&parent=2913"}],"curies":[{"name":"wp","href":"https:\/\/api.w.org\/{rel}","templated":true}]}}